{"id":13670,"date":"2015-01-26T08:56:36","date_gmt":"2015-01-26T08:56:36","guid":{"rendered":"https:\/\/algarvediscovery.com\/termos-e-condicoes\/"},"modified":"2024-01-08T11:54:31","modified_gmt":"2024-01-08T11:54:31","slug":"terms-and-conditions","status":"publish","type":"page","link":"https:\/\/algarvediscovery.com\/en\/terms-and-conditions\/","title":{"rendered":"Terms and Conditions"},"content":{"rendered":"<div class=\"wpb-content-wrapper\"><p>[vc_row css=&#8221;.vc_custom_1536275239246{padding-top: 50px !important;padding-bottom: 30px !important;}&#8221;][vc_column][vc_column_text]<\/p>\n<h3>Termos e Condi\u00e7\u00f5es<\/h3>\n<p>A Algarve Discovery \u00e9 uma empresa de anima\u00e7\u00e3o tur\u00edstica, com o n\u00famero de registo RNAAT 465\/2014.<\/p>\n<p><strong>Lingua Oficial<\/strong><br \/>\nOs idiomas oficiais para os nossos programas s\u00e3o o Portugu\u00eas e Ingl\u00eas. N\u00e3o se exclui a possibilidade de utiliza\u00e7\u00e3o de outros idiomas .<\/p>\n<p><strong>Vestu\u00e1rio<\/strong><br \/>\nPara a realiza\u00e7\u00e3o das nossas actividades aconselhamos a utiliza\u00e7\u00e3o de vestu\u00e1rio confort\u00e1vel e sapatos desportivos.<\/p>\n<p><strong>Bens Pessoais<\/strong><br \/>\nA Algarve Discovery n\u00e3o se responsabiliza por perda ou roubo de bens pessoais, aconselhando a que os clientes assegurem a protec\u00e7\u00e3o adequada aos mesmos.<br \/>\nN\u00e3o nos responsabilizamos por quaisquer danos causados em equipamentos fotogr\u00e1ficos, telem\u00f3veis,maquinas de filmar,aconselhamos o uso de equipamento \u00e1 prova de agua.<\/p>\n<p><strong>Acessibilidade<\/strong><br \/>\nCada actividade poder\u00e1 ter condi\u00e7\u00f5es de acessibilidade diferentes e especificas consoante se tratem de crian\u00e7as, gr\u00e1vidas, pessoas de mobilidade reduzida ou outras condicionantes.<\/p>\n<p><strong>Altera\u00e7\u00f5es<\/strong><br \/>\nTodas as Actividades podem estar sujeitos a altera\u00e7\u00f5es por quest\u00f5es de ordem t\u00e9cnica, operacional ou meteorol\u00f3gica. Esta gest\u00e3o \u00e9 efectuada pela Algarve Discovery e no caso de n\u00e3o estarem reunidas as condi\u00e7\u00f5es de seguran\u00e7a adequadas para realiza\u00e7\u00e3o do programa, o mesmo ser\u00e1 cancelado. As altera\u00e7\u00f5es n\u00e3o est\u00e3o sujeitas a reembolso.<\/p>\n<p><strong>Reclama\u00e7\u00f5es<\/strong><br \/>\nAs reclama\u00e7\u00f5es dever\u00e3o ser efectuadas imediatamente \u00e1 Algarve Discovery para que a mesma consiga no que estiver ao seu alcance garantir a seguran\u00e7a ou qualidade do programa e responder \u00e0s necessidades dos clientes.<\/p>\n<p><strong>Politica de Cancelamentos<\/strong><br \/>\nPara cancelamento de reservas consideramos as seguintes condi\u00e7\u00f5es<br \/>\n&#8211; Cancelamento at\u00e9 15 Dias antes do tour \u2013 Devolu\u00e7\u00e3o de 50% do Valor Pago<br \/>\n&#8211; Cancelamento at\u00e9 72 Horas antes do tour \u2013 Devolu\u00e7\u00e3o de 0% do Valor Pago<\/p>\n<p><strong>Ve\u00edculos<\/strong><br \/>\nOs ve\u00edculos utilizados nestes eventos tem lota\u00e7\u00e3o m\u00e1xima de 7 passageiros, podendo em casos excepcionais a mesma ser inferior carecendo de confirma\u00e7\u00e3o no acto da reserva.<\/p>\n<p><strong>Acessibilidade<\/strong><br \/>\nPor quest\u00f5es de conforto e seguran\u00e7a n\u00e3o se recomenda a participa\u00e7\u00e3o em qualquer um dos nossos tours de pessoas com altura superior a 1,90m, peso superior a 110 kgs ou a gr\u00e1vidas.<\/p>\n<p><strong>M\u00ednimo de Participantes<\/strong><br \/>\nOs Tours ter\u00e3o sempre um n\u00famero m\u00ednimo de 4 pessoas para que sejam efectuados. Este requisito poder\u00e1 ser alterado em casos excepcionais devendo esta informa\u00e7\u00e3o ser confirmada no acto da reserva.<\/p>\n<p><strong>Hor\u00e1rios<\/strong><br \/>\nOs Hor\u00e1rios estipulados para a realiza\u00e7\u00e3o dos Tours poder\u00e3o ser alterados por quest\u00f5es t\u00e9cnicas e log\u00edsticas, devendo sempre ser confirmado no acto da reserva o hor\u00e1rio de Pick Up e Drop Off para a respectiva zona solicitada pelo cliente.[\/vc_column_text][\/vc_column][\/vc_row]<\/p>\n<\/div>","protected":false},"excerpt":{"rendered":"<p>[vc_row css=&#8221;.vc_custom_1536275239246{padding-top: 50px !important;padding-bottom: 30px !important;}&#8221;][vc_column][vc_column_text] Termos e Condi\u00e7\u00f5es A Algarve Discovery \u00e9 uma empresa de anima\u00e7\u00e3o tur\u00edstica, com o n\u00famero de registo RNAAT 465\/2014. Lingua Oficial Os idiomas oficiais para os nossos programas s\u00e3o o Portugu\u00eas e Ingl\u00eas. N\u00e3o se exclui a possibilidade de utiliza\u00e7\u00e3o de outros idiomas . Vestu\u00e1rio Para a realiza\u00e7\u00e3o das [&hellip;]<\/p>\n","protected":false},"author":1,"featured_media":0,"parent":0,"menu_order":0,"comment_status":"closed","ping_status":"closed","template":"","meta":{"footnotes":""},"class_list":["post-13670","page","type-page","status-publish","hentry"],"yoast_head":"<!-- This site is optimized with the Yoast SEO Premium plugin v26.9 (Yoast SEO v27.1.1) - https:\/\/yoast.com\/product\/yoast-seo-premium-wordpress\/ -->\n<title>Terms and Conditions - Algarve Discovery<\/title>\n<meta name=\"robots\" content=\"index, follow, max-snippet:-1, max-image-preview:large, max-video-preview:-1\" \/>\n<link rel=\"canonical\" href=\"https:\/\/algarvediscovery.com\/en\/terms-and-conditions\/\" \/>\n<meta property=\"og:locale\" content=\"en_US\" \/>\n<meta property=\"og:type\" content=\"article\" \/>\n<meta property=\"og:title\" content=\"Terms and Conditions\" \/>\n<meta property=\"og:description\" content=\"[vc_row css=&#8221;.vc_custom_1536275239246{padding-top: 50px !important;padding-bottom: 30px !important;}&#8221;][vc_column][vc_column_text] Termos e Condi\u00e7\u00f5es A Algarve Discovery \u00e9 uma empresa de anima\u00e7\u00e3o tur\u00edstica, com o n\u00famero de registo RNAAT 465\/2014. Lingua Oficial Os idiomas oficiais para os nossos programas s\u00e3o o Portugu\u00eas e Ingl\u00eas. N\u00e3o se exclui a possibilidade de utiliza\u00e7\u00e3o de outros idiomas . Vestu\u00e1rio Para a realiza\u00e7\u00e3o das [&hellip;]\" \/>\n<meta property=\"og:url\" content=\"https:\/\/algarvediscovery.com\/en\/terms-and-conditions\/\" \/>\n<meta property=\"og:site_name\" content=\"Algarve Discovery\" \/>\n<meta property=\"article:publisher\" content=\"https:\/\/www.facebook.com\/algarvediscovery\/\" \/>\n<meta property=\"article:modified_time\" content=\"2024-01-08T11:54:31+00:00\" \/>\n<meta name=\"twitter:card\" content=\"summary_large_image\" \/>\n<meta name=\"twitter:label1\" content=\"Est. reading time\" \/>\n\t<meta name=\"twitter:data1\" content=\"2 minutes\" \/>\n<script type=\"application\/ld+json\" class=\"yoast-schema-graph\">{\"@context\":\"https:\/\/schema.org\",\"@graph\":[{\"@type\":\"WebPage\",\"@id\":\"https:\/\/algarvediscovery.com\/en\/terms-and-conditions\/\",\"url\":\"https:\/\/algarvediscovery.com\/en\/terms-and-conditions\/\",\"name\":\"Terms and Conditions - Algarve Discovery\",\"isPartOf\":{\"@id\":\"https:\/\/algarvediscovery.com\/en\/#website\"},\"datePublished\":\"2015-01-26T08:56:36+00:00\",\"dateModified\":\"2024-01-08T11:54:31+00:00\",\"breadcrumb\":{\"@id\":\"https:\/\/algarvediscovery.com\/en\/terms-and-conditions\/#breadcrumb\"},\"inLanguage\":\"en-US\",\"potentialAction\":[{\"@type\":\"ReadAction\",\"target\":[\"https:\/\/algarvediscovery.com\/en\/terms-and-conditions\/\"]}]},{\"@type\":\"BreadcrumbList\",\"@id\":\"https:\/\/algarvediscovery.com\/en\/terms-and-conditions\/#breadcrumb\",\"itemListElement\":[{\"@type\":\"ListItem\",\"position\":1,\"name\":\"Home\",\"item\":\"https:\/\/algarvediscovery.com\/en\/\"},{\"@type\":\"ListItem\",\"position\":2,\"name\":\"Terms and Conditions\"}]},{\"@type\":\"WebSite\",\"@id\":\"https:\/\/algarvediscovery.com\/en\/#website\",\"url\":\"https:\/\/algarvediscovery.com\/en\/\",\"name\":\"Algarve Discovery\",\"description\":\"\",\"publisher\":{\"@id\":\"https:\/\/algarvediscovery.com\/en\/#organization\"},\"potentialAction\":[{\"@type\":\"SearchAction\",\"target\":{\"@type\":\"EntryPoint\",\"urlTemplate\":\"https:\/\/algarvediscovery.com\/en\/?s={search_term_string}\"},\"query-input\":{\"@type\":\"PropertyValueSpecification\",\"valueRequired\":true,\"valueName\":\"search_term_string\"}}],\"inLanguage\":\"en-US\"},{\"@type\":\"Organization\",\"@id\":\"https:\/\/algarvediscovery.com\/en\/#organization\",\"name\":\"Algarve Discovery\",\"url\":\"https:\/\/algarvediscovery.com\/en\/\",\"logo\":{\"@type\":\"ImageObject\",\"inLanguage\":\"en-US\",\"@id\":\"https:\/\/algarvediscovery.com\/en\/#\/schema\/logo\/image\/\",\"url\":\"https:\/\/algarvediscovery.com\/wp-content\/uploads\/2023\/12\/logo.svg\",\"contentUrl\":\"https:\/\/algarvediscovery.com\/wp-content\/uploads\/2023\/12\/logo.svg\",\"width\":200,\"height\":63,\"caption\":\"Algarve Discovery\"},\"image\":{\"@id\":\"https:\/\/algarvediscovery.com\/en\/#\/schema\/logo\/image\/\"},\"sameAs\":[\"https:\/\/www.facebook.com\/algarvediscovery\/\",\"https:\/\/www.instagram.com\/algarvediscovery\/\"]}]}<\/script>\n<!-- \/ Yoast SEO Premium plugin. -->","yoast_head_json":{"title":"Terms and Conditions - Algarve Discovery","robots":{"index":"index","follow":"follow","max-snippet":"max-snippet:-1","max-image-preview":"max-image-preview:large","max-video-preview":"max-video-preview:-1"},"canonical":"https:\/\/algarvediscovery.com\/en\/terms-and-conditions\/","og_locale":"en_US","og_type":"article","og_title":"Terms and Conditions","og_description":"[vc_row css=&#8221;.vc_custom_1536275239246{padding-top: 50px !important;padding-bottom: 30px !important;}&#8221;][vc_column][vc_column_text] Termos e Condi\u00e7\u00f5es A Algarve Discovery \u00e9 uma empresa de anima\u00e7\u00e3o tur\u00edstica, com o n\u00famero de registo RNAAT 465\/2014. Lingua Oficial Os idiomas oficiais para os nossos programas s\u00e3o o Portugu\u00eas e Ingl\u00eas. N\u00e3o se exclui a possibilidade de utiliza\u00e7\u00e3o de outros idiomas . Vestu\u00e1rio Para a realiza\u00e7\u00e3o das [&hellip;]","og_url":"https:\/\/algarvediscovery.com\/en\/terms-and-conditions\/","og_site_name":"Algarve Discovery","article_publisher":"https:\/\/www.facebook.com\/algarvediscovery\/","article_modified_time":"2024-01-08T11:54:31+00:00","twitter_card":"summary_large_image","twitter_misc":{"Est. reading time":"2 minutes"},"schema":{"@context":"https:\/\/schema.org","@graph":[{"@type":"WebPage","@id":"https:\/\/algarvediscovery.com\/en\/terms-and-conditions\/","url":"https:\/\/algarvediscovery.com\/en\/terms-and-conditions\/","name":"Terms and Conditions - Algarve Discovery","isPartOf":{"@id":"https:\/\/algarvediscovery.com\/en\/#website"},"datePublished":"2015-01-26T08:56:36+00:00","dateModified":"2024-01-08T11:54:31+00:00","breadcrumb":{"@id":"https:\/\/algarvediscovery.com\/en\/terms-and-conditions\/#breadcrumb"},"inLanguage":"en-US","potentialAction":[{"@type":"ReadAction","target":["https:\/\/algarvediscovery.com\/en\/terms-and-conditions\/"]}]},{"@type":"BreadcrumbList","@id":"https:\/\/algarvediscovery.com\/en\/terms-and-conditions\/#breadcrumb","itemListElement":[{"@type":"ListItem","position":1,"name":"Home","item":"https:\/\/algarvediscovery.com\/en\/"},{"@type":"ListItem","position":2,"name":"Terms and Conditions"}]},{"@type":"WebSite","@id":"https:\/\/algarvediscovery.com\/en\/#website","url":"https:\/\/algarvediscovery.com\/en\/","name":"Algarve Discovery","description":"","publisher":{"@id":"https:\/\/algarvediscovery.com\/en\/#organization"},"potentialAction":[{"@type":"SearchAction","target":{"@type":"EntryPoint","urlTemplate":"https:\/\/algarvediscovery.com\/en\/?s={search_term_string}"},"query-input":{"@type":"PropertyValueSpecification","valueRequired":true,"valueName":"search_term_string"}}],"inLanguage":"en-US"},{"@type":"Organization","@id":"https:\/\/algarvediscovery.com\/en\/#organization","name":"Algarve Discovery","url":"https:\/\/algarvediscovery.com\/en\/","logo":{"@type":"ImageObject","inLanguage":"en-US","@id":"https:\/\/algarvediscovery.com\/en\/#\/schema\/logo\/image\/","url":"https:\/\/algarvediscovery.com\/wp-content\/uploads\/2023\/12\/logo.svg","contentUrl":"https:\/\/algarvediscovery.com\/wp-content\/uploads\/2023\/12\/logo.svg","width":200,"height":63,"caption":"Algarve Discovery"},"image":{"@id":"https:\/\/algarvediscovery.com\/en\/#\/schema\/logo\/image\/"},"sameAs":["https:\/\/www.facebook.com\/algarvediscovery\/","https:\/\/www.instagram.com\/algarvediscovery\/"]}]}},"_links":{"self":[{"href":"https:\/\/algarvediscovery.com\/en\/wp-json\/wp\/v2\/pages\/13670","targetHints":{"allow":["GET"]}}],"collection":[{"href":"https:\/\/algarvediscovery.com\/en\/wp-json\/wp\/v2\/pages"}],"about":[{"href":"https:\/\/algarvediscovery.com\/en\/wp-json\/wp\/v2\/types\/page"}],"author":[{"embeddable":true,"href":"https:\/\/algarvediscovery.com\/en\/wp-json\/wp\/v2\/users\/1"}],"replies":[{"embeddable":true,"href":"https:\/\/algarvediscovery.com\/en\/wp-json\/wp\/v2\/comments?post=13670"}],"version-history":[{"count":0,"href":"https:\/\/algarvediscovery.com\/en\/wp-json\/wp\/v2\/pages\/13670\/revisions"}],"wp:attachment":[{"href":"https:\/\/algarvediscovery.com\/en\/wp-json\/wp\/v2\/media?parent=13670"}],"curies":[{"name":"wp","href":"https:\/\/api.w.org\/{rel}","templated":true}]}}